{"id":16,"date":"2024-05-08T09:13:39","date_gmt":"2024-05-08T09:13:39","guid":{"rendered":"http:\/\/ostech-demo.local\/?page_id=16"},"modified":"2026-03-11T15:26:17","modified_gmt":"2026-03-11T15:26:17","slug":"home-one","status":"publish","type":"page","link":"https:\/\/apmconsulting.lubricaronline.com\/","title":{"rendered":"Home One"},"content":{"rendered":"\t\t<div data-elementor-type=\"wp-page\" data-elementor-id=\"16\" class=\"elementor elementor-16\">\n\t\t\t\t<div class=\"elementor-element elementor-element-5a0479c e-con-full e-flex e-con e-parent\" data-id=\"5a0479c\" data-element_type=\"container\" data-e-type=\"container\">\n\t\t\t\t<div class=\"elementor-element elementor-element-8c058a2 elementor-widget elementor-widget-ostech-main-slider\" data-id=\"8c058a2\" data-element_type=\"widget\" data-e-type=\"widget\" data-widget_type=\"ostech-main-slider.default\">\n\t\t\t\t<div class=\"elementor-widget-container\">\n\t\t\t\t\t\r\n<!-- main-slider-start -->\r\n<section class=\"main-slider-one\">\r\n    <div class=\"main-slider-one__carousel ostech-owl__carousel owl-carousel\" data-owl-options='{&quot;loop&quot;:true,&quot;margin&quot;:0,&quot;items&quot;:1,&quot;nav&quot;:false,&quot;dots&quot;:true,&quot;smartSpeed&quot;:700,&quot;autoplay&quot;:true,&quot;autoplayTimeout&quot;:5000,&quot;animateOut&quot;:&quot;fadeOut&quot;,&quot;animateIn&quot;:&quot;fadeIn&quot;,&quot;autoplayHoverPause&quot;:true}'>\r\n        <!-- Slider Item  -->\r\n                    <div class=\"item\">\r\n                <div class=\"main-slider-one__item\">\r\n                    <div class=\"main-slider-one__bg\" style=\"background-image: url(https:\/\/apmconsulting.lubricaronline.com\/wp-content\/uploads\/2026\/03\/apm.jpg);\"><\/div>\r\n                    <div class=\"container\">\r\n                        <div class=\"row\">\r\n                            <div class=\"col-12\">\r\n                                <div class=\"main-slider-one__content\">\r\n                                    \r\n                                    <h2 class=\"main-slider-one__title\">\r\n                                        Assets Project Maintenance Consulting S.A.S                                        <span class=\"main-slider-one__title__overlay-group\">\r\n                                            <span class=\"main-slider-one__title__overlay\"><\/span>\r\n                                            <span class=\"main-slider-one__title__overlay\"><\/span>\r\n                                            <span class=\"main-slider-one__title__overlay\"><\/span>\r\n                                            <span class=\"main-slider-one__title__overlay\"><\/span>\r\n                                            <span class=\"main-slider-one__title__overlay\"><\/span>\r\n                                            <span class=\"main-slider-one__title__overlay\"><\/span>\r\n                                        <\/span>\r\n                                    <\/h2>\r\n                                    \r\n                                    <h5 class=\"main-slider-one__sub-title\"><span>Propietarios de las marcas l\u00edderes en Gesti\u00f3n de Integridad de Activos y Confiabilidad de Proceso.<\/span><\/h5>\r\n                                <\/div>\r\n                            <\/div>\r\n                        <\/div>\r\n                    <\/div>\r\n                                            <div class=\"main-slider-one__shape main-slider-one__shape--one\">\r\n                                                    <\/div>\r\n                                                                <div class=\"main-slider-one__shape main-slider-one__shape--two\">\r\n                                                    <\/div>\r\n                                    <\/div>\r\n            <\/div>\r\n                <!-- Slider Item  -->\r\n    <\/div>\r\n<\/section>\r\n<!-- main-slider-end -->\r\n\r\n\t\t\t\t<\/div>\n\t\t\t\t<\/div>\n\t\t\t\t<\/div>\n\t\t<div class=\"elementor-element elementor-element-e3add65 e-con-full e-flex e-con e-parent\" data-id=\"e3add65\" data-element_type=\"container\" data-e-type=\"container\">\n\t\t\t\t<div class=\"elementor-element elementor-element-4497b5b elementor-widget elementor-widget-ostech-service\" data-id=\"4497b5b\" data-element_type=\"widget\" data-e-type=\"widget\" data-widget_type=\"ostech-service.default\">\n\t\t\t\t<div class=\"elementor-widget-container\">\n\t\t\t\t\t\t<!-- Service section Start -->\r\n\t<section class=\"service-one\">\r\n\t\t<div class=\"container\">\r\n\t\t\t<div class=\"row gutter-y-40\">\r\n\t\t\t\t\t\t\t\t\t<div class=\"col-lg-4 col-md-6\">\r\n\t\t\t\t\t\t<div class=\"service-one__item wow fadeInUp\" data-wow-delay=\"500ms\">\r\n\t\t\t\t\t\t\t\t\t\t\t\t\t\t\t<div class=\"service-one__item__icon\">\r\n\t\t\t\t\t\t\t\t\t<svg xmlns=\"http:\/\/www.w3.org\/2000\/svg\" xmlns:xlink=\"http:\/\/www.w3.org\/1999\/xlink\" id=\"Capa_1\" x=\"0px\" y=\"0px\" viewBox=\"0 0 110.9 154.8\" style=\"enable-background:new 0 0 110.9 154.8;\" xml:space=\"preserve\"> <style type=\"text\/css\"> .st0{fill:#FFAA17;} <\/style> <path class=\"st0\" d=\"M55.5,138.6c21.7,0,39.4-17.6,39.4-39.4c0-4.1-2.1-11.5-6.9-21.7c-4.6-9.7-10.8-20.3-17.2-30.3 C65.3,39,60,31.2,55.5,25c-4.5,6.2-9.8,14-15.2,22.3c-6.4,10-12.6,20.6-17.2,30.3c-4.8,10.1-6.9,17.5-6.9,21.7 C16.1,121,33.8,138.6,55.5,138.6z M3,99.3c0-21.8,29.6-65.1,44.3-85.3C52.2,7.2,55.5,3,55.5,3s3.3,4.2,8.2,10.9 C78.4,34.2,108,77.5,108,99.3c0,29-23.5,52.5-52.5,52.5S3,128.2,3,99.3z M29.3,99.3h13.1c0,7.2,5.9,13.1,13.1,13.1v13.1 C41,125.5,29.3,113.7,29.3,99.3z\"><\/path> <\/svg>\t\t\t\t\t\t\t\t<\/div>\r\n\t\t\t\t\t\t\t\t\t\t\t\t\t\t<div class=\"service-one__item__thumb\">\r\n\t\t\t\t\t\t\t\t<img decoding=\"async\" src=\"https:\/\/apmconsulting.lubricaronline.com\/wp-content\/uploads\/2026\/03\/lubricar-1.jpg\" alt=\"lubricar\" title=\"lubricar\" >\t\t\t\t\t\t\t<\/div>\r\n\t\t\t\t\t\t\t<div class=\"service-one__item__content\">\r\n\t\t\t\t\t\t\t\t<h3 class=\"service-one__item__title\">\r\n\t\t\t\t\t\t\t\t\t<a href=\"https:\/\/lubricaronline.com\/\">Consulting<\/a>\r\n\t\t\t\t\t\t\t\t<\/h3><!-- \/.service-card-two__title -->\r\n\t\t\t\t\t\t\t\t\t\t\t\t\t\t\t<\/div>\r\n\t\t\t\t\t\t<\/div>\r\n\t\t\t\t\t<\/div>\r\n\t\t\t\t\t\t\t\t\t<div class=\"col-lg-4 col-md-6\">\r\n\t\t\t\t\t\t<div class=\"service-one__item wow fadeInUp\" data-wow-delay=\"600ms\">\r\n\t\t\t\t\t\t\t\t\t\t\t\t\t\t\t<div class=\"service-one__item__icon\">\r\n\t\t\t\t\t\t\t\t\t<svg xmlns=\"http:\/\/www.w3.org\/2000\/svg\" xmlns:xlink=\"http:\/\/www.w3.org\/1999\/xlink\" id=\"Capa_1\" x=\"0px\" y=\"0px\" viewBox=\"0 0 151.7 154.8\" style=\"enable-background:new 0 0 151.7 154.8;\" xml:space=\"preserve\"> <style type=\"text\/css\"> .st0{fill:#FFAA17;} <\/style> <g> <path class=\"st0\" d=\"M34.4,24.8c0-2.4,1.9-4.4,4.2-4.4h75.5c2.3,0,4.2,2,4.2,4.4V38h12.6V24.8c0-9.7-7.5-17.6-16.8-17.6H38.6 c-9.3,0-16.8,7.9-16.8,17.6v44.1H11.7C8,68.9,5,72,5,75.9c0,15.6,12,28.2,26.8,28.2h36.1V90.9H31.8c-5.8,0-10.8-3.6-13-8.8h49.1 V68.9H34.4V24.8z M114.1,64.5v13.2c0,4.9,3.7,8.8,8.4,8.8H135V135h-42V64.5H114.1z M93.1,51.2c-6.9,0-12.6,5.9-12.6,13.2V135 c0,7.3,5.6,13.2,12.6,13.2h42c6.9,0,12.6-5.9,12.6-13.2V83.2c0-3.5-1.3-6.9-3.7-9.3l-17.8-18.7c-2.4-2.5-5.6-3.9-8.9-3.9H93.1z\"><\/path> <\/g> <\/svg>\t\t\t\t\t\t\t\t<\/div>\r\n\t\t\t\t\t\t\t\t\t\t\t\t\t\t<div class=\"service-one__item__thumb\">\r\n\t\t\t\t\t\t\t\t<img decoding=\"async\" src=\"https:\/\/apmconsulting.lubricaronline.com\/wp-content\/uploads\/2026\/03\/ceo_lubricar.jpg\" alt=\"ceo_lubricar\" title=\"ceo_lubricar\" >\t\t\t\t\t\t\t<\/div>\r\n\t\t\t\t\t\t\t<div class=\"service-one__item__content\">\r\n\t\t\t\t\t\t\t\t<h3 class=\"service-one__item__title\">\r\n\t\t\t\t\t\t\t\t\t<a href=\"https:\/\/ceo.lubricaronline.com\/\">Training <\/a>\r\n\t\t\t\t\t\t\t\t<\/h3><!-- \/.service-card-two__title -->\r\n\t\t\t\t\t\t\t\t\t\t\t\t\t\t\t<\/div>\r\n\t\t\t\t\t\t<\/div>\r\n\t\t\t\t\t<\/div>\r\n\t\t\t\t\t\t\t\t\t<div class=\"col-lg-4 col-md-6\">\r\n\t\t\t\t\t\t<div class=\"service-one__item wow fadeInUp\" data-wow-delay=\"700ms\">\r\n\t\t\t\t\t\t\t\t\t\t\t\t\t\t\t<div class=\"service-one__item__icon\">\r\n\t\t\t\t\t\t\t\t\t<svg xmlns=\"http:\/\/www.w3.org\/2000\/svg\" xmlns:xlink=\"http:\/\/www.w3.org\/1999\/xlink\" id=\"Capa_1\" x=\"0px\" y=\"0px\" viewBox=\"0 0 134.7 154.8\" style=\"enable-background:new 0 0 134.7 154.8;\" xml:space=\"preserve\"> <style type=\"text\/css\"> .st0{fill:#FFAA17;} <\/style> <g> <path class=\"st0\" d=\"M29.5,4.5C15.7,4.5,4.6,15.6,4.6,29.4v97.2c0,12.5,10.1,22.6,22.6,22.6h97.2c3.8,0,6.8-3,6.8-6.8 c0-3.8-3-6.8-6.8-6.8h-2.3v-21.5c5.5-3.6,9-9.9,9-16.9V24.9c0-11.3-9.1-20.4-20.4-20.4H29.5z M108.6,117.6v18.1H27.2c-5,0-9-4-9-9 c0-5,4-9,9-9H108.6z M27.2,104c-3.2,0-6.3,0.7-9,1.9V29.4c0-6.2,5.1-11.3,11.3-11.3h81.4c3.8,0,6.8,3,6.8,6.8v72.4 c0,3.8-3,6.8-6.8,6.8H27.2z M40.8,47.5c0,3.8,3,6.8,6.8,6.8h49.8c3.8,0,6.8-3,6.8-6.8s-3-6.8-6.8-6.8H47.6 C43.8,40.7,40.8,43.7,40.8,47.5z M47.6,67.8c-3.8,0-6.8,3-6.8,6.8c0,3.8,3,6.8,6.8,6.8h49.8c3.8,0,6.8-3,6.8-6.8 c0-3.8-3-6.8-6.8-6.8H47.6z\"><\/path> <\/g> <\/svg>\t\t\t\t\t\t\t\t<\/div>\r\n\t\t\t\t\t\t\t\t\t\t\t\t\t\t<div class=\"service-one__item__thumb\">\r\n\t\t\t\t\t\t\t\t<img decoding=\"async\" src=\"https:\/\/apmconsulting.lubricaronline.com\/wp-content\/uploads\/2026\/03\/revista_lubricar.jpg\" alt=\"revista_lubricar\" title=\"revista_lubricar\" >\t\t\t\t\t\t\t<\/div>\r\n\t\t\t\t\t\t\t<div class=\"service-one__item__content\">\r\n\t\t\t\t\t\t\t\t<h3 class=\"service-one__item__title\">\r\n\t\t\t\t\t\t\t\t\t<a href=\"https:\/\/revistalubricaronline.org\/\">Magazine <\/a>\r\n\t\t\t\t\t\t\t\t<\/h3><!-- \/.service-card-two__title -->\r\n\t\t\t\t\t\t\t\t\t\t\t\t\t\t\t<\/div>\r\n\t\t\t\t\t\t<\/div>\r\n\t\t\t\t\t<\/div>\r\n\t\t\t\t\r\n\t\t\t<\/div>\r\n\t\t<\/div>\r\n\t<\/section>\r\n\t<!-- Service section End -->\r\n\t\t\t\t<\/div>\n\t\t\t\t<\/div>\n\t\t\t\t<\/div>\n\t\t<div class=\"elementor-element elementor-element-7a03866 e-con-full e-flex e-con e-parent\" data-id=\"7a03866\" data-element_type=\"container\" data-e-type=\"container\" id=\"contacto\" data-settings=\"{&quot;background_background&quot;:&quot;classic&quot;}\">\n\t\t\t\t<div class=\"elementor-element elementor-element-f1e83ac elementor-widget elementor-widget-ostech-features\" data-id=\"f1e83ac\" data-element_type=\"widget\" data-e-type=\"widget\" data-widget_type=\"ostech-features.default\">\n\t\t\t\t<div class=\"elementor-widget-container\">\n\t\t\t\t\t\r\n\t<!-- Benefit section Start -->\r\n\t<section class=\"benefit-one\">\r\n\t\t<div class=\"container\">\r\n\t\t\t<div class=\"row\">\r\n\t\t\t\t<div class=\"col-lg-6\">\r\n\t\t\t\t\t<div class=\"benefit-one__left\">\r\n\t\t\t\t\t\t<div class=\"benefit-one__thumb  wow fadeInLeft\" data-wow-delay=\"700ms\">\r\n\t\t\t\t\t\t\t<img decoding=\"async\" src=\"https:\/\/apmconsulting.lubricaronline.com\/wp-content\/uploads\/2026\/03\/lubricar_contacto_2-1.jpg\" alt=\"Professional technician or engineer try to check and fix the problem part of electric train and work with factory worker use walkie talkie to contact co-worker team in workplace area.\" title=\"lubricar_contacto_2\" >\t\t\t\t\t\t<\/div>\r\n\t\t\t\t\t<\/div>\r\n\t\t\t\t<\/div>\r\n\t\t\t\t<div class=\"col-lg-6\">\r\n\t\t\t\t\t<div class=\"benefit-one__right\">\r\n\t\t\t\t\t\t\t\t\t\t\t\t\t<div class=\"benefit-one__top\">\r\n\t\t\t\t\t\t\t\t<div class=\"sec-title sec-title--two wow fadeInUp\" data-wow-duration='1500ms' data-wow-delay='000ms'>\r\n\t\t\t\t\t\t\t\t\t\t\t\t\t\t\t\t\t\t<h3 class=\"sec-title__title\">Conoce nuestros servicios<\/h3>\t\t\t\t\t\t\t\t<\/div>\r\n\t\t\t\t\t\t\t<\/div>\r\n\t\t\t\t\t\t\t\t\t\t\t\t<div class=\"benefit-one__feature\">\r\n\t\t\t\t\t\t\t\t\t\t\t\t\t<\/div>\r\n\t\t\t\t\t\t\t\t\t\t\t\t\t<ul class=\"list-unstyled benefit-one__list  wow fadeInUp ml-0\" data-wow-delay=\"500ms\">\r\n\t\t\t\t\t\t\t\t\t\t\t\t\t\t\t\t\t<li class=\"benefit-one__list__item\">\r\n\t\t\t\t\t\t\t\t\t\t\t\t\t\t\t\t\t\t\t\tExpertos en Gesti\u00f3n de riesgos, Paradas de Planta y Gesti\u00f3n de la Lubricaci\u00f3n a su disposici\u00f3n.\t\t\t\t\t\t\t\t\t<\/li>\r\n\t\t\t\t\t\t\t\t\t\t\t\t\t\t\t\t\t<li class=\"benefit-one__list__item\">\r\n\t\t\t\t\t\t\t\t\t\t\t\t\t\t\t\t\t\t\t\t<strong>Contacto Directo:<\/strong>   <br>contacto@lubricaronline.com\t\t\t\t\t\t\t\t\t<\/li>\r\n\t\t\t\t\t\t\t\t\t\t\t\t\t\t\t\t\t<li class=\"benefit-one__list__item\">\r\n\t\t\t\t\t\t\t\t\t\t\t\t\t\t\t\t\t\t\t\t\n<div class=\"wpcf7 no-js\" id=\"wpcf7-f1954-o1\" lang=\"en-US\" dir=\"ltr\" data-wpcf7-id=\"1954\">\n<div class=\"screen-reader-response\"><p role=\"status\" aria-live=\"polite\" aria-atomic=\"true\"><\/p> <ul><\/ul><\/div>\n<form action=\"\/index.php\/wp-json\/wp\/v2\/pages\/16#wpcf7-f1954-o1\" method=\"post\" class=\"wpcf7-form init\" aria-label=\"Contact form\" novalidate=\"novalidate\" data-status=\"init\">\n<fieldset class=\"hidden-fields-container\"><input type=\"hidden\" name=\"_wpcf7\" value=\"1954\" \/><input type=\"hidden\" name=\"_wpcf7_version\" value=\"6.1.5\" \/><input type=\"hidden\" name=\"_wpcf7_locale\" value=\"en_US\" \/><input type=\"hidden\" name=\"_wpcf7_unit_tag\" value=\"wpcf7-f1954-o1\" \/><input type=\"hidden\" name=\"_wpcf7_container_post\" value=\"0\" \/><input type=\"hidden\" name=\"_wpcf7_posted_data_hash\" value=\"\" \/>\n<\/fieldset>\n<div class=\"form-one__group\">\n    <div class=\"form-one__control\">\n        <span class=\"wpcf7-form-control-wrap\" data-name=\"text-770\"><input size=\"40\" maxlength=\"400\" class=\"wpcf7-form-control wpcf7-text wpcf7-validates-as-required\" aria-required=\"true\" aria-invalid=\"false\" placeholder=\"Nombre Completo\" value=\"\" type=\"text\" name=\"text-770\" \/><\/span>\n<span class=\"wpcf7-form-control-wrap\" data-name=\"text-75\"><input size=\"40\" maxlength=\"400\" class=\"wpcf7-form-control wpcf7-text wpcf7-validates-as-required\" aria-required=\"true\" aria-invalid=\"false\" placeholder=\"Empresa\" value=\"\" type=\"text\" name=\"text-75\" \/><\/span>\n    <\/div>\n    <div class=\"form-one__control\">\n        <span class=\"wpcf7-form-control-wrap\" data-name=\"text-85\"><input size=\"40\" maxlength=\"400\" class=\"wpcf7-form-control wpcf7-text wpcf7-validates-as-required\" aria-required=\"true\" aria-invalid=\"false\" placeholder=\"Pa\u00eds\" value=\"\" type=\"text\" name=\"text-85\" \/><\/span>\n        <span class=\"wpcf7-form-control-wrap\" data-name=\"email-355\"><input size=\"40\" maxlength=\"400\" class=\"wpcf7-form-control wpcf7-email wpcf7-validates-as-required wpcf7-text wpcf7-validates-as-email\" aria-required=\"true\" aria-invalid=\"false\" placeholder=\"Correo Corporativo\" value=\"\" type=\"email\" name=\"email-355\" \/><\/span>\n    <\/div>\n<div class=\"form-one__control form-one__control--full\">\n        <span class=\"wpcf7-form-control-wrap\" data-name=\"linea-interes\"><select class=\"wpcf7-form-control wpcf7-select\" aria-invalid=\"false\" name=\"linea-interes\"><option value=\"\">L\u00ednea de Inter\u00e9s<\/option><option value=\"Gesti\u00f3n de Integridad y onfiabilidad\">Gesti\u00f3n de Integridad y onfiabilidad<\/option><option value=\"Gesti\u00f3n de riesgos y seguridad de procesos\">Gesti\u00f3n de riesgos y seguridad de procesos<\/option><option value=\"Proyectos de Paradas de Planta\">Proyectos de Paradas de Planta<\/option><option value=\"Gesti\u00f3n de la Lubricaci\u00f3n\">Gesti\u00f3n de la Lubricaci\u00f3n<\/option><\/select><\/span>\n    <\/div>\n\n    <div class=\"form-one__control form-one__control--full\">\n        <span class=\"wpcf7-form-control-wrap\" data-name=\"textarea-620\"><textarea cols=\"40\" rows=\"10\" maxlength=\"2000\" class=\"wpcf7-form-control wpcf7-textarea wpcf7-validates-as-required\" aria-required=\"true\" aria-invalid=\"false\" placeholder=\"Mensaje\" name=\"textarea-620\"><\/textarea><\/span>\n    <\/div>\n    <div class=\"form-one__control form-one__control--full\">\n        <button type=\"submit\" class=\"ostech-btn ostech-btn--submite\">ENVIAR A ASSETS PROJECT<\/button>\n    <\/div>\n<\/div><div class=\"wpcf7-response-output\" aria-hidden=\"true\"><\/div>\n<\/form>\n<\/div>\n\t\t\t\t\t\t\t\t\t<\/li>\r\n\t\t\t\t\t\t\t\t\t\t\t\t\t\t\t<\/ul>\r\n\t\t\t\t\t\t\t\t\t\t\t<\/div>\r\n\t\t\t\t\t\t\t\t\t<\/div>\r\n\t\t\t<\/div>\r\n\t\t<\/div>\r\n\t\t\t<\/section>\r\n\t<!-- Benefit section End -->\r\n\t\t\t\t<\/div>\n\t\t\t\t<\/div>\n\t\t\t\t<\/div>\n\t\t\t\t<\/div>\n\t\t","protected":false},"excerpt":{"rendered":"<p>Assets Project Maintenance Consulting S.A.S Propietarios de las marcas l\u00edderes en Gesti\u00f3n de Integridad de Activos y Confiabilidad de Proceso. Consulting Training Magazine Conoce nuestros servicios Expertos en Gesti\u00f3n de riesgos, Paradas de Planta y Gesti\u00f3n de la Lubricaci\u00f3n a su disposici\u00f3n. Contacto Directo: contacto@lubricaronline.com<\/p>\n","protected":false},"author":1,"featured_media":0,"parent":0,"menu_order":0,"comment_status":"closed","ping_status":"closed","template":"elementor_header_footer","meta":{"_joinchat":[],"footnotes":""},"class_list":["post-16","page","type-page","status-publish","hentry"],"_links":{"self":[{"href":"https:\/\/apmconsulting.lubricaronline.com\/index.php\/wp-json\/wp\/v2\/pages\/16","targetHints":{"allow":["GET"]}}],"collection":[{"href":"https:\/\/apmconsulting.lubricaronline.com\/index.php\/wp-json\/wp\/v2\/pages"}],"about":[{"href":"https:\/\/apmconsulting.lubricaronline.com\/index.php\/wp-json\/wp\/v2\/types\/page"}],"author":[{"embeddable":true,"href":"https:\/\/apmconsulting.lubricaronline.com\/index.php\/wp-json\/wp\/v2\/users\/1"}],"replies":[{"embeddable":true,"href":"https:\/\/apmconsulting.lubricaronline.com\/index.php\/wp-json\/wp\/v2\/comments?post=16"}],"version-history":[{"count":73,"href":"https:\/\/apmconsulting.lubricaronline.com\/index.php\/wp-json\/wp\/v2\/pages\/16\/revisions"}],"predecessor-version":[{"id":2887,"href":"https:\/\/apmconsulting.lubricaronline.com\/index.php\/wp-json\/wp\/v2\/pages\/16\/revisions\/2887"}],"wp:attachment":[{"href":"https:\/\/apmconsulting.lubricaronline.com\/index.php\/wp-json\/wp\/v2\/media?parent=16"}],"curies":[{"name":"wp","href":"https:\/\/api.w.org\/{rel}","templated":true}]}}